{"id":5820,"date":"2022-03-25T18:42:20","date_gmt":"2022-03-25T17:42:20","guid":{"rendered":"https:\/\/avgg.provincia.vicenza.it\/geschichte\/die-steine-sprechen\/"},"modified":"2023-02-16T19:55:09","modified_gmt":"2023-02-16T18:55:09","slug":"die-steine-sprechen","status":"publish","type":"page","link":"https:\/\/avgg.provincia.vicenza.it\/de\/geschichte\/die-steine-sprechen\/","title":{"rendered":"Die Steine sprechen"},"content":{"rendered":"<p><div class=\"fusion-fullwidth fullwidth-box fusion-builder-row-1 fusion-flex-container fusion-parallax-none nonhundred-percent-fullwidth non-hundred-percent-height-scrolling\" style=\"--awb-border-sizes-top:29px;--awb-border-sizes-bottom:29px;--awb-border-sizes-left:29px;--awb-border-sizes-right:29px;--awb-border-color:#ffffff;--awb-border-radius-top-left:0px;--awb-border-radius-top-right:0px;--awb-border-radius-bottom-right:0px;--awb-border-radius-bottom-left:0px;--awb-padding-top:0px;--awb-padding-right:30px;--awb-padding-bottom:0px;--awb-padding-left:30px;--awb-margin-top:-247px;--awb-min-height:920px;--awb-min-height-small:650px;--awb-background-image:url(&quot;https:\/\/avgg.provincia.vicenza.it\/wp-content\/uploads\/2022\/04\/banner_pietreparlano.jpg&quot;);--awb-background-size:cover;--awb-flex-wrap:wrap;\" ><div class=\"fusion-builder-row fusion-row fusion-flex-align-items-center fusion-flex-align-content-center fusion-flex-justify-content-center fusion-flex-content-wrap\" style=\"max-width:1560px;margin-left: calc(-4% \/ 2 );margin-right: calc(-4% \/ 2 );\"><div class=\"fusion-layout-column fusion_builder_column fusion-builder-column-0 fusion_builder_column_1_1 1_1 fusion-flex-column fusion-flex-align-self-center\" style=\"--awb-bg-size:cover;--awb-width-large:100%;--awb-margin-top-large:0px;--awb-spacing-right-large:1.92%;--awb-margin-bottom-large:20px;--awb-spacing-left-large:1.92%;--awb-width-medium:100%;--awb-order-medium:0;--awb-spacing-right-medium:1.92%;--awb-spacing-left-medium:1.92%;--awb-width-small:100%;--awb-order-small:0;--awb-spacing-right-small:1.92%;--awb-spacing-left-small:1.92%;\"><div class=\"fusion-column-wrapper fusion-column-has-shadow fusion-flex-justify-content-center fusion-content-layout-column\"><div class=\"fusion-title title fusion-title-1 fusion-sep-none fusion-title-center fusion-title-text fusion-title-size-one\" style=\"--awb-text-color:#ffffff;--awb-margin-top-small:10px;--awb-margin-right-small:0px;--awb-margin-bottom-small:10px;--awb-margin-left-small:0px;--awb-font-size:60px;\"><h1 class=\"fusion-title-heading title-heading-center\" style=\"font-family:&quot;Manrope&quot;;font-style:normal;font-weight:500;margin:0;font-size:1em;\"><h5 style=\"text-align: center;\"><span style=\"color: #ffffff;\"><strong>KRIEGSORTE<\/strong><\/span><\/h5>\n<h1 style=\"text-align: center;\"><strong><span style=\"color: #ffffff;\">Die Steine sprechen<\/span><\/strong><\/h1><\/h1><\/div><\/div><\/div><\/div><\/div><div id=\"#offensiva\" class=\"fusion-container-anchor\"><div class=\"fusion-fullwidth fullwidth-box fusion-builder-row-2 fusion-flex-container fusion-parallax-none nonhundred-percent-fullwidth non-hundred-percent-height-scrolling\" style=\"--awb-background-position:center top;--awb-border-radius-top-left:0px;--awb-border-radius-top-right:0px;--awb-border-radius-bottom-right:0px;--awb-border-radius-bottom-left:0px;--awb-padding-top:65px;--awb-padding-bottom:65px;--awb-background-color:#e6e6e6;--awb-background-image:url(&quot;https:\/\/avgg.provincia.vicenza.it\/wp-content\/uploads\/2021\/12\/sfondo_traspbarra.png&quot;);--awb-background-size:cover;--awb-flex-wrap:wrap;\" ><div class=\"fusion-builder-row fusion-row fusion-flex-align-items-flex-start fusion-flex-content-wrap\" style=\"max-width:1560px;margin-left: calc(-4% \/ 2 );margin-right: calc(-4% \/ 2 );\"><div class=\"fusion-layout-column fusion_builder_column fusion-builder-column-1 fusion_builder_column_1_6 1_6 fusion-flex-column\" style=\"--awb-bg-size:cover;--awb-width-large:16.666666666667%;--awb-margin-top-large:0px;--awb-spacing-right-large:11.52%;--awb-margin-bottom-large:20px;--awb-spacing-left-large:11.52%;--awb-width-medium:16.666666666667%;--awb-order-medium:0;--awb-spacing-right-medium:11.52%;--awb-spacing-left-medium:11.52%;--awb-width-small:100%;--awb-order-small:0;--awb-spacing-right-small:1.92%;--awb-spacing-left-small:1.92%;\"><div class=\"fusion-column-wrapper fusion-column-has-shadow fusion-flex-justify-content-flex-start fusion-content-layout-column\"><\/div><\/div><div class=\"fusion-layout-column fusion_builder_column fusion-builder-column-2 fusion_builder_column_1_3 1_3 fusion-flex-column fusion-flex-align-self-center\" style=\"--awb-bg-size:cover;--awb-width-large:33.333333333333%;--awb-margin-top-large:0px;--awb-spacing-right-large:5.76%;--awb-margin-bottom-large:20px;--awb-spacing-left-large:5.76%;--awb-width-medium:33.333333333333%;--awb-order-medium:0;--awb-spacing-right-medium:5.76%;--awb-spacing-left-medium:5.76%;--awb-width-small:100%;--awb-order-small:0;--awb-spacing-right-small:1.92%;--awb-spacing-left-small:1.92%;\"><div class=\"fusion-column-wrapper fusion-column-has-shadow fusion-flex-justify-content-flex-start fusion-content-layout-column\"><div class=\"fusion-text fusion-text-1\" style=\"--awb-line-height:1.5;--awb-text-transform:none;--awb-text-color:#000000;\"><p style=\"font-size: 20px; text-align: left;\"><span style=\"color: #3d6655;\"><strong>KRIEGSORTE<\/strong><\/span><\/p>\n<h2 style=\"text-align: left;\"><strong> Epigrafik des 1. Weltkrieges<\/strong><\/h2>\n<p style=\"text-align: left;\"><span style=\"color: #000000;\">Schilder, Grabsteine, Graffiti, Gravuren, Eintragungen, Gedenksteine sind unausl\u00f6schliche <strong>Zeichen<\/strong>, die von den Soldaten w\u00e4hrend des Krieges als Zeugnis ihrer Pr\u00e4senz und ihrer Teilnahme an diesem tragischen geschichtlichen Ereignis zur\u00fcckgelassen wurden.<\/span><\/p>\n<p style=\"text-align: left;\"><span style=\"color: #000000;\">Diese Steine sind ein geschichtliches Kulturgut, weil sie die Authentizit\u00e4t und H\u00e4rte der Erinnerungen zeigen, die sie bewahren. Es sind wichtige Zeugnisse, weil ihnen die F\u00e4higkeit innewohnt, Orte zu identifizieren und Personen in einen \u00f6rtlichen Kontext zu stellen. Da sie an einer genau umschriebenen, bekannten Stelle erstellt und platziert wurden, k\u00f6nnen mit ihnen Dokumentenquellen konstruiert, best\u00e4tigt oder widerlegt werden.<\/span><\/p>\n<\/div><div class=\"fusion-image-element \" style=\"text-align:center;--awb-caption-title-font-family:var(--h2_typography-font-family);--awb-caption-title-font-weight:var(--h2_typography-font-weight);--awb-caption-title-font-style:var(--h2_typography-font-style);--awb-caption-title-size:var(--h2_typography-font-size);--awb-caption-title-transform:var(--h2_typography-text-transform);--awb-caption-title-line-height:var(--h2_typography-line-height);--awb-caption-title-letter-spacing:var(--h2_typography-letter-spacing);\"><span class=\" fusion-imageframe imageframe-none imageframe-1 hover-type-none\" style=\"border:3px solid #ffffff;\"><img decoding=\"async\" width=\"800\" height=\"500\" title=\"le_pietre_parlano_2\" src=\"https:\/\/avgg.provincia.vicenza.it\/wp-content\/uploads\/2022\/04\/le_pietre_parlano_2.jpg\" alt class=\"img-responsive wp-image-5298\" srcset=\"https:\/\/avgg.provincia.vicenza.it\/wp-content\/uploads\/2022\/04\/le_pietre_parlano_2-200x125.jpg 200w, https:\/\/avgg.provincia.vicenza.it\/wp-content\/uploads\/2022\/04\/le_pietre_parlano_2-400x250.jpg 400w, https:\/\/avgg.provincia.vicenza.it\/wp-content\/uploads\/2022\/04\/le_pietre_parlano_2-600x375.jpg 600w, https:\/\/avgg.provincia.vicenza.it\/wp-content\/uploads\/2022\/04\/le_pietre_parlano_2.jpg 800w\" sizes=\"(max-width: 640px) 100vw, 600px\" \/><\/span><\/div><\/div><\/div><div class=\"fusion-layout-column fusion_builder_column fusion-builder-column-3 fusion_builder_column_1_3 1_3 fusion-flex-column fusion-flex-align-self-center\" style=\"--awb-bg-size:cover;--awb-box-shadow: 0px 0px #000000;;--awb-border-color:#ffffff;--awb-border-style:solid;--awb-width-large:33.333333333333%;--awb-margin-top-large:0px;--awb-spacing-right-large:5.76%;--awb-margin-bottom-large:20px;--awb-spacing-left-large:5.76%;--awb-width-medium:33.333333333333%;--awb-order-medium:0;--awb-spacing-right-medium:5.76%;--awb-spacing-left-medium:5.76%;--awb-width-small:100%;--awb-order-small:0;--awb-spacing-right-small:1.92%;--awb-spacing-left-small:1.92%;\"><div class=\"fusion-column-wrapper fusion-column-has-shadow fusion-flex-justify-content-flex-start fusion-content-layout-column\"><div class=\"fusion-image-element \" style=\"text-align:center;--awb-caption-title-font-family:var(--h2_typography-font-family);--awb-caption-title-font-weight:var(--h2_typography-font-weight);--awb-caption-title-font-style:var(--h2_typography-font-style);--awb-caption-title-size:var(--h2_typography-font-size);--awb-caption-title-transform:var(--h2_typography-text-transform);--awb-caption-title-line-height:var(--h2_typography-line-height);--awb-caption-title-letter-spacing:var(--h2_typography-letter-spacing);\"><span class=\" fusion-imageframe imageframe-none imageframe-2 hover-type-none\" style=\"border:3px solid #ffffff;\"><img decoding=\"async\" width=\"800\" height=\"500\" title=\"le_pietre_parlano\" src=\"https:\/\/avgg.provincia.vicenza.it\/wp-content\/uploads\/2022\/04\/le_pietre_parlano.jpg\" alt class=\"img-responsive wp-image-5296\" srcset=\"https:\/\/avgg.provincia.vicenza.it\/wp-content\/uploads\/2022\/04\/le_pietre_parlano-200x125.jpg 200w, https:\/\/avgg.provincia.vicenza.it\/wp-content\/uploads\/2022\/04\/le_pietre_parlano-400x250.jpg 400w, https:\/\/avgg.provincia.vicenza.it\/wp-content\/uploads\/2022\/04\/le_pietre_parlano-600x375.jpg 600w, https:\/\/avgg.provincia.vicenza.it\/wp-content\/uploads\/2022\/04\/le_pietre_parlano.jpg 800w\" sizes=\"(max-width: 640px) 100vw, 600px\" \/><\/span><\/div><div class=\"fusion-section-separator section-separator custom fusion-section-separator-1\" style=\"--awb-svg-margin-left:5.76%;--awb-svg-margin-right:5.76%;--awb-svg-margin-left-medium:5.76%;--awb-svg-margin-right-medium:5.76%;--awb-svg-margin-left-small:1.92%;--awb-svg-margin-right-small:1.92%;--awb-divider-height:50px;--awb-spacer-height:50px;--awb-spacer-padding-top:inherit;\"><div class=\"fusion-section-separator-svg\"><\/div><div class=\"fusion-section-separator-spacer\"><div class=\"fusion-section-separator-spacer-height\"><\/div><\/div><\/div><div class=\"fusion-text fusion-text-2\" style=\"--awb-line-height:1.5;--awb-text-transform:none;--awb-text-color:#000000;\"><p style=\"text-align: left;\"><span style=\"color: #000000;\">Sie offenbaren Namen, Abteilungsbezeichnungen, Mottos, Anliegen, Daten, Nachrufe, feierliche Inschriften, Zierelemente, Bezeichnungen. H\u00e4ufig finden sich Angaben zu den Heereseinheiten, wie Gebirgsj\u00e4ger, Infanterie, Bersaglieri, Artillerie, Genie etc. <strong>Jede hat ihren besonderen Zweck<\/strong> und alle sind sie in den verschiedenen Sprachen der Heere geschrieben.<\/span><\/p>\n<p style=\"text-align: left;\"><span style=\"color: #000000;\">Auf dem Hochweg AVGG k\u00f6nnen Sie auf einige dieser Steine und Inschriften treffen, die wegen der Erinnerung an das, was sich in den Bergen Vicenzas abspielte, eine gro\u00dfe Emotionalit\u00e4t und Menschlichkeit ausstrahlen, <strong>denn<\/strong> <strong>sie<\/strong> vermitteln uns den Gem\u00fctszustand und die Identit\u00e4t der Menschen, die sie angefertigt haben.<\/span><\/p>\n<\/div><\/div><\/div><div class=\"fusion-layout-column fusion_builder_column fusion-builder-column-4 fusion_builder_column_1_6 1_6 fusion-flex-column fusion-flex-align-self-center\" style=\"--awb-bg-size:cover;--awb-width-large:16.666666666667%;--awb-margin-top-large:0px;--awb-spacing-right-large:11.52%;--awb-margin-bottom-large:20px;--awb-spacing-left-large:11.52%;--awb-width-medium:16.666666666667%;--awb-order-medium:0;--awb-spacing-right-medium:11.52%;--awb-spacing-left-medium:11.52%;--awb-width-small:100%;--awb-order-small:0;--awb-spacing-right-small:1.92%;--awb-spacing-left-small:1.92%;\"><div class=\"fusion-column-wrapper fusion-column-has-shadow fusion-flex-justify-content-center fusion-content-layout-block\"><\/div><\/div><\/div><\/div><\/div><div class=\"fusion-fullwidth fullwidth-box fusion-builder-row-3 fusion-flex-container fusion-parallax-none nonhundred-percent-fullwidth non-hundred-percent-height-scrolling\" style=\"--awb-background-position:center top;--awb-border-radius-top-left:0px;--awb-border-radius-top-right:0px;--awb-border-radius-bottom-right:0px;--awb-border-radius-bottom-left:0px;--awb-min-height:24px;--awb-background-color:#ffffff;--awb-background-image:url(&quot;https:\/\/avgg.provincia.vicenza.it\/wp-content\/uploads\/2021\/12\/banda-middle.png&quot;);--awb-background-size:cover;--awb-flex-wrap:wrap;\" ><div class=\"fusion-builder-row fusion-row fusion-flex-align-items-center fusion-flex-content-wrap\" style=\"max-width:1560px;margin-left: calc(-4% \/ 2 );margin-right: calc(-4% \/ 2 );\"><\/div><\/div><div class=\"fusion-fullwidth fullwidth-box fusion-builder-row-4 fusion-flex-container fusion-parallax-none hundred-percent-fullwidth non-hundred-percent-height-scrolling\" style=\"--awb-border-radius-top-left:0px;--awb-border-radius-top-right:0px;--awb-border-radius-bottom-right:0px;--awb-border-radius-bottom-left:0px;--awb-margin-top:-2px;--awb-margin-bottom:-100px;--awb-min-height:474px;--awb-background-image:url(&quot;https:\/\/avgg.provincia.vicenza.it\/wp-content\/uploads\/2022\/04\/banner_footer_pietreparlano.jpg&quot;);--awb-background-size:cover;--awb-flex-wrap:wrap;\" ><div class=\"fusion-builder-row fusion-row fusion-flex-align-items-center fusion-flex-align-content-center fusion-flex-justify-content-center fusion-flex-content-wrap\" style=\"width:104% !important;max-width:104% !important;margin-left: calc(-4% \/ 2 );margin-right: calc(-4% \/ 2 );\"><div class=\"fusion-layout-column fusion_builder_column fusion-builder-column-5 fusion_builder_column_1_6 1_6 fusion-flex-column\" style=\"--awb-bg-size:cover;--awb-width-large:16.666666666667%;--awb-margin-top-large:0px;--awb-spacing-right-large:11.52%;--awb-margin-bottom-large:20px;--awb-spacing-left-large:11.52%;--awb-width-medium:16.666666666667%;--awb-order-medium:0;--awb-spacing-right-medium:11.52%;--awb-spacing-left-medium:11.52%;--awb-width-small:100%;--awb-order-small:0;--awb-spacing-right-small:1.92%;--awb-spacing-left-small:1.92%;\"><div class=\"fusion-column-wrapper fusion-column-has-shadow fusion-flex-justify-content-flex-start fusion-content-layout-column\"><\/div><\/div><div class=\"fusion-layout-column fusion_builder_column fusion-builder-column-6 fusion_builder_column_2_3 2_3 fusion-flex-column fusion-flex-align-self-center\" style=\"--awb-bg-size:cover;--awb-width-large:66.666666666667%;--awb-margin-top-large:0px;--awb-spacing-right-large:2.88%;--awb-margin-bottom-large:20px;--awb-spacing-left-large:2.88%;--awb-width-medium:66.666666666667%;--awb-order-medium:0;--awb-spacing-right-medium:2.88%;--awb-spacing-left-medium:2.88%;--awb-width-small:100%;--awb-order-small:0;--awb-spacing-right-small:1.92%;--awb-spacing-left-small:1.92%;\"><div class=\"fusion-column-wrapper fusion-column-has-shadow fusion-flex-justify-content-center fusion-content-layout-column\"><div class=\"fusion-testimonials clean awb-speech-bubble-show fusion-testimonials-1\" style=\"--awb-textcolor:#000000;--awb-backgroundcolor:rgba(255,255,255,0);--awb-testimonial-border-style:solid;--awb-testimonial-border-color:var(--awb-color3);--awb-border-top-left-radius:0px;--awb-border-top-right-radius:0px;--awb-border-bottom-left-radius:0px;--awb-border-bottom-right-radius:0px;--testimonial-border-width-top:0px;--testimonial-border-width-right:0px;--testimonial-border-width-bottom:0px;--testimonial-border-width-left:0px;\" data-random=\"0\" data-speed=\"4000\"><div class=\"reviews\"><div class=\"review active-testimonial avatar-above no-avatar\"><blockquote class=\"testimonials-shortcode-blockquote\"><div class=\"awb-quote\"><div class=\"awb-quote-content\">\n<p class=\"p1\" style=\"text-align: center; font-size: 20px;\">\u201cChe t\u2019importa<span class=\"Apple-converted-space\"> <\/span><\/p>\n<p class=\"p1\" style=\"text-align: center; font-size: 20px;\">il mio nome?<\/p>\n<p class=\"p1\" style=\"text-align: center; font-size: 20px;\">Grida al vento<span class=\"Apple-converted-space\"> <\/span><\/p>\n<p class=\"p1\" style=\"text-align: center; font-size: 20px;\">fante d\u2019Italia<\/p>\n<p class=\"p1\" style=\"text-align: center; font-size: 20px;\">e dormir\u00f2 contento\u201d<\/p>\n<\/div><\/div><\/blockquote><div class=\"author\"><span class=\"company-name\"><\/span><\/div><\/div><\/div><\/div><\/div><\/div><div class=\"fusion-layout-column fusion_builder_column fusion-builder-column-7 fusion_builder_column_1_6 1_6 fusion-flex-column\" style=\"--awb-bg-size:cover;--awb-width-large:16.666666666667%;--awb-margin-top-large:0px;--awb-spacing-right-large:11.52%;--awb-margin-bottom-large:20px;--awb-spacing-left-large:11.52%;--awb-width-medium:16.666666666667%;--awb-order-medium:0;--awb-spacing-right-medium:11.52%;--awb-spacing-left-medium:11.52%;--awb-width-small:100%;--awb-order-small:0;--awb-spacing-right-small:1.92%;--awb-spacing-left-small:1.92%;\"><div class=\"fusion-column-wrapper fusion-column-has-shadow fusion-flex-justify-content-flex-start fusion-content-layout-column\"><\/div><\/div><\/div><\/div><\/p>\n","protected":false},"excerpt":{"rendered":"","protected":false},"author":9,"featured_media":0,"parent":5798,"menu_order":0,"comment_status":"closed","ping_status":"closed","template":"100-width.php","meta":{"_price":"","_stock":"","_tribe_ticket_header":"","_tribe_default_ticket_provider":"","_tribe_ticket_capacity":"0","_ticket_start_date":"","_ticket_end_date":"","_tribe_ticket_show_description":"","_tribe_ticket_show_not_going":false,"_tribe_ticket_use_global_stock":"","_tribe_ticket_global_stock_level":"","_global_stock_mode":"","_global_stock_cap":"","_tribe_rsvp_for_event":"","_tribe_ticket_going_count":"","_tribe_ticket_not_going_count":"","_tribe_tickets_list":"[]","_tribe_ticket_has_attendee_info_fields":false,"footnotes":"","_tec_slr_enabled":"","_tec_slr_layout":""},"class_list":["post-5820","page","type-page","status-publish","hentry"],"ticketed":false,"_links":{"self":[{"href":"https:\/\/avgg.provincia.vicenza.it\/de\/wp-json\/wp\/v2\/pages\/5820","targetHints":{"allow":["GET"]}}],"collection":[{"href":"https:\/\/avgg.provincia.vicenza.it\/de\/wp-json\/wp\/v2\/pages"}],"about":[{"href":"https:\/\/avgg.provincia.vicenza.it\/de\/wp-json\/wp\/v2\/types\/page"}],"author":[{"embeddable":true,"href":"https:\/\/avgg.provincia.vicenza.it\/de\/wp-json\/wp\/v2\/users\/9"}],"replies":[{"embeddable":true,"href":"https:\/\/avgg.provincia.vicenza.it\/de\/wp-json\/wp\/v2\/comments?post=5820"}],"version-history":[{"count":7,"href":"https:\/\/avgg.provincia.vicenza.it\/de\/wp-json\/wp\/v2\/pages\/5820\/revisions"}],"predecessor-version":[{"id":6115,"href":"https:\/\/avgg.provincia.vicenza.it\/de\/wp-json\/wp\/v2\/pages\/5820\/revisions\/6115"}],"up":[{"embeddable":true,"href":"https:\/\/avgg.provincia.vicenza.it\/de\/wp-json\/wp\/v2\/pages\/5798"}],"wp:attachment":[{"href":"https:\/\/avgg.provincia.vicenza.it\/de\/wp-json\/wp\/v2\/media?parent=5820"}],"curies":[{"name":"wp","href":"https:\/\/api.w.org\/{rel}","templated":true}]}}